{"id":580,"date":"2023-03-06T23:58:55","date_gmt":"2023-03-07T04:58:55","guid":{"rendered":"https:\/\/ginagarofalo.com\/sencia\/?post_type=product&#038;p=580"},"modified":"2023-05-01T21:59:43","modified_gmt":"2023-05-02T02:59:43","slug":"exfoliante-cafe","status":"publish","type":"product","link":"https:\/\/ginagarofalo.com\/sencia\/product\/exfoliante-cafe\/","title":{"rendered":"Exfoliante Caf\u00e9"},"content":{"rendered":"","protected":false},"excerpt":{"rendered":"<p><span style=\"font-weight: 400;\">Nuestro exfoliante de Caf\u00e9 es un producto de origen natural fabricado a partir de los residuos (granos de caf\u00e9 molidos) de la fabricaci\u00f3n de Caf\u00e9 soluble. Estos residuos anteriormente eran utilizados en calderas como combustible, generando gases de efecto invernadero a la atm\u00f3sfera, sin embargo, con nuestra filosof\u00eda de desarrollo sostenible y econom\u00eda circular hemos logrado obtener un ingrediente de valor agregado para la industria cosm\u00e9tica. Puede ser usado en productos faciales y\/o corporales.<\/span><\/p>\n<div class=\"flex-container\" style=\"border: solid #fafafa 4px; border-radius: 25px;\">\n<div class=\"divabrs\" >\n<div class=\"abrs1\" style=\"width: 80%;display:inline-block;\"><span class=\"abrs2\">6<\/span><\/div>\n<div class=\"abrs2\" style=\"width: 10%;display:inline-block;background-color:#a8b835\">8<\/div>\n<\/div>\n<\/div>\n<table>\n<tbody>\n<tr class=\"thsencia\">\n<td><span style=\"font-weight: 400;\">Referencia<\/span><\/td>\n<td><span style=\"font-weight: 400;\">25\/40<\/span><\/td>\n<td><span style=\"font-weight: 400;\">40\/60<\/span><\/td>\n<\/tr>\n<tr>\n<td><span style=\"font-weight: 400;\">Presentaci\u00f3n<\/span><\/td>\n<td><span style=\"font-weight: 400;\">Polvo granulado<\/span><\/td>\n<td><span style=\"font-weight: 400;\">Polvo granulado<\/span><\/td>\n<\/tr>\n<tr>\n<td><span style=\"font-weight: 400;\">\u00cdndice De Abrasividad<\/span><\/td>\n<td><span style=\"font-weight: 400;\">9<\/span><\/td>\n<td><span style=\"font-weight: 400;\">7<\/span><\/td>\n<\/tr>\n<tr>\n<td><span style=\"font-weight: 400;\">Color<\/span><\/td>\n<td><span style=\"font-weight: 400;\">Caf\u00e9 oscuro con part\u00edculas claras<\/span><\/td>\n<td><span style=\"font-weight: 400;\">Caf\u00e9 oscuro con part\u00edculas claras<\/span><\/td>\n<\/tr>\n<tr>\n<td><span style=\"font-weight: 400;\">Presentaci\u00f3n<\/span><\/td>\n<td><span style=\"font-weight: 400;\">Caja 20kg<\/span><\/td>\n<td><span style=\"font-weight: 400;\">Caja 20kg<\/span><\/td>\n<\/tr>\n<tr>\n<td><span style=\"font-weight: 400;\">INCI name<\/span><\/td>\n<td><span style=\"font-weight: 400;\">Cocos Nucifera Shell Powder<\/span><\/td>\n<td><span style=\"font-weight: 400;\">Cocos Nucifera Shell Powder<\/span><\/td>\n<\/tr>\n<\/tbody>\n<\/table>\n","protected":false},"featured_media":1003,"template":"","meta":[],"product_cat":[15,33],"product_tag":[],"class_list":["post-580","product","type-product","status-publish","has-post-thumbnail","hentry","product_cat-uncategorized","product_cat-exfoliantes"],"lang":"es","translations":{"es":580,"en":839},"pll_sync_post":[],"_links":{"self":[{"href":"https:\/\/ginagarofalo.com\/sencia\/wp-json\/wp\/v2\/product\/580","targetHints":{"allow":["GET"]}}],"collection":[{"href":"https:\/\/ginagarofalo.com\/sencia\/wp-json\/wp\/v2\/product"}],"about":[{"href":"https:\/\/ginagarofalo.com\/sencia\/wp-json\/wp\/v2\/types\/product"}],"version-history":[{"count":13,"href":"https:\/\/ginagarofalo.com\/sencia\/wp-json\/wp\/v2\/product\/580\/revisions"}],"predecessor-version":[{"id":582,"href":"https:\/\/ginagarofalo.com\/sencia\/wp-json\/wp\/v2\/product\/580\/revisions\/582"}],"wp:featuredmedia":[{"embeddable":true,"href":"https:\/\/ginagarofalo.com\/sencia\/wp-json\/wp\/v2\/media\/1003"}],"wp:attachment":[{"href":"https:\/\/ginagarofalo.com\/sencia\/wp-json\/wp\/v2\/media?parent=580"}],"wp:term":[{"taxonomy":"product_cat","embeddable":true,"href":"https:\/\/ginagarofalo.com\/sencia\/wp-json\/wp\/v2\/product_cat?post=580"},{"taxonomy":"product_tag","embeddable":true,"href":"https:\/\/ginagarofalo.com\/sencia\/wp-json\/wp\/v2\/product_tag?post=580"}],"curies":[{"name":"wp","href":"https:\/\/api.w.org\/{rel}","templated":true}]}}