{"id":578,"date":"2023-03-06T23:55:52","date_gmt":"2023-03-07T04:55:52","guid":{"rendered":"https:\/\/ginagarofalo.com\/sencia\/?post_type=product&#038;p=578"},"modified":"2023-04-21T14:44:46","modified_gmt":"2023-04-21T19:44:46","slug":"exfoliante-lufa","status":"publish","type":"product","link":"https:\/\/ginagarofalo.com\/sencia\/product\/exfoliante-lufa\/","title":{"rendered":"Exfoliante Lufa"},"content":{"rendered":"","protected":false},"excerpt":{"rendered":"<p><span style=\"font-weight: 400;\">Nuestro exfoliante de Lufa es un producto de origen natural fabricado a partir de residuos de la industria de confecci\u00f3n de art\u00edculos de estropajo. Estas fibras confieren un agradable sensorial al momento de realizar la exfoliaci\u00f3n y es muy recomendado para ser usado en productos faciales y\/o corporales.<\/span><\/p>\n<div class=\"progresslufa\">\n<div class=\"progress-bar\" style=\"width: 70%;\"><span class=\"progress-bar-text\">7<\/span><\/div>\n<\/div>\n<table>\n<tbody>\n<tr class=\"thsencia\">\n<td><span style=\"font-weight: 400;\">Referencia<\/span><\/td>\n<td><span style=\"font-weight: 400;\">20\/100<\/span><\/td>\n<\/tr>\n<tr>\n<td><span style=\"font-weight: 400;\">Presentaci\u00f3n<\/span><\/td>\n<td><span style=\"font-weight: 400;\">Fibras<\/span><\/td>\n<\/tr>\n<tr>\n<td><span style=\"font-weight: 400;\">\u00cdndice De Abrasividad<\/span><\/td>\n<td><span style=\"font-weight: 400;\">7<\/span><\/td>\n<\/tr>\n<tr>\n<td><span style=\"font-weight: 400;\">Color<\/span><\/td>\n<td><span style=\"font-weight: 400;\">Caf\u00e9 claro<\/span><\/td>\n<\/tr>\n<tr>\n<td><span style=\"font-weight: 400;\">Presentaci\u00f3n<\/span><\/td>\n<td><span style=\"font-weight: 400;\">Caja 10kg<\/span><\/td>\n<\/tr>\n<tr>\n<td><span style=\"font-weight: 400;\">INCI name<\/span><\/td>\n<td><span style=\"font-weight: 400;\">Luffa Cylindrica Fruit Powder<\/span><\/td>\n<\/tr>\n<\/tbody>\n<\/table>\n","protected":false},"featured_media":0,"template":"","meta":[],"product_cat":[15],"product_tag":[],"class_list":["post-578","product","type-product","status-publish","hentry","product_cat-uncategorized"],"lang":"es","translations":{"es":578,"en":837},"pll_sync_post":[],"_links":{"self":[{"href":"https:\/\/ginagarofalo.com\/sencia\/wp-json\/wp\/v2\/product\/578","targetHints":{"allow":["GET"]}}],"collection":[{"href":"https:\/\/ginagarofalo.com\/sencia\/wp-json\/wp\/v2\/product"}],"about":[{"href":"https:\/\/ginagarofalo.com\/sencia\/wp-json\/wp\/v2\/types\/product"}],"version-history":[{"count":5,"href":"https:\/\/ginagarofalo.com\/sencia\/wp-json\/wp\/v2\/product\/578\/revisions"}],"predecessor-version":[{"id":797,"href":"https:\/\/ginagarofalo.com\/sencia\/wp-json\/wp\/v2\/product\/578\/revisions\/797"}],"wp:attachment":[{"href":"https:\/\/ginagarofalo.com\/sencia\/wp-json\/wp\/v2\/media?parent=578"}],"wp:term":[{"taxonomy":"product_cat","embeddable":true,"href":"https:\/\/ginagarofalo.com\/sencia\/wp-json\/wp\/v2\/product_cat?post=578"},{"taxonomy":"product_tag","embeddable":true,"href":"https:\/\/ginagarofalo.com\/sencia\/wp-json\/wp\/v2\/product_tag?post=578"}],"curies":[{"name":"wp","href":"https:\/\/api.w.org\/{rel}","templated":true}]}}