{"id":576,"date":"2023-03-06T23:54:33","date_gmt":"2023-03-07T04:54:33","guid":{"rendered":"https:\/\/ginagarofalo.com\/sencia\/?post_type=product&#038;p=576"},"modified":"2023-04-21T14:44:28","modified_gmt":"2023-04-21T19:44:28","slug":"exfoliante-pumice","status":"publish","type":"product","link":"https:\/\/ginagarofalo.com\/sencia\/product\/exfoliante-pumice\/","title":{"rendered":"Exfoliante Pumice"},"content":{"rendered":"","protected":false},"excerpt":{"rendered":"<p><span style=\"font-weight: 400;\">Nuestro exfoliante de Pumice es un producto de origen mineral fabricado a partir de rocas de origen volc\u00e1nico. Este producto tiene un alto \u00edndice de abrasi\u00f3n lo que lo hace ideal para formulaciones de pies y\/o corporales.<\/span><\/p>\n<div class=\"progress6uva\">\n<div class=\"progress-bar\" style=\"width: 82%;\"><span class=\"progress-bar-text\">9-7<\/span><\/div>\n<\/div>\n<table>\n<tbody>\n<tr class=\"thsencia\">\n<td><span style=\"font-weight: 400;\">Referencia<\/span><\/td>\n<td><span style=\"font-weight: 400;\">300<\/span><\/td>\n<\/tr>\n<tr>\n<td><span style=\"font-weight: 400;\">Presentaci\u00f3n<\/span><\/td>\n<td><span style=\"font-weight: 400;\">Polvo granulado<\/span><\/td>\n<\/tr>\n<tr>\n<td><span style=\"font-weight: 400;\">\u00cdndice De Abrasividad<\/span><\/td>\n<td><span style=\"font-weight: 400;\">8<\/span><\/td>\n<\/tr>\n<tr>\n<td><span style=\"font-weight: 400;\">Color<\/span><\/td>\n<td><span style=\"font-weight: 400;\">Gris claro<\/span><\/td>\n<\/tr>\n<tr>\n<td><span style=\"font-weight: 400;\">Presentaci\u00f3n<\/span><\/td>\n<td><span style=\"font-weight: 400;\">Bolsa 25 kg<\/span><\/td>\n<\/tr>\n<tr>\n<td><span style=\"font-weight: 400;\">INCI name<\/span><\/td>\n<td><span style=\"font-weight: 400;\">Pumice<\/span><\/td>\n<\/tr>\n<\/tbody>\n<\/table>\n","protected":false},"featured_media":637,"template":"","meta":[],"product_cat":[15],"product_tag":[],"class_list":["post-576","product","type-product","status-publish","has-post-thumbnail","hentry","product_cat-uncategorized"],"lang":"es","translations":{"es":576,"en":835},"pll_sync_post":[],"_links":{"self":[{"href":"https:\/\/ginagarofalo.com\/sencia\/wp-json\/wp\/v2\/product\/576","targetHints":{"allow":["GET"]}}],"collection":[{"href":"https:\/\/ginagarofalo.com\/sencia\/wp-json\/wp\/v2\/product"}],"about":[{"href":"https:\/\/ginagarofalo.com\/sencia\/wp-json\/wp\/v2\/types\/product"}],"version-history":[{"count":4,"href":"https:\/\/ginagarofalo.com\/sencia\/wp-json\/wp\/v2\/product\/576\/revisions"}],"predecessor-version":[{"id":586,"href":"https:\/\/ginagarofalo.com\/sencia\/wp-json\/wp\/v2\/product\/576\/revisions\/586"}],"wp:featuredmedia":[{"embeddable":true,"href":"https:\/\/ginagarofalo.com\/sencia\/wp-json\/wp\/v2\/media\/637"}],"wp:attachment":[{"href":"https:\/\/ginagarofalo.com\/sencia\/wp-json\/wp\/v2\/media?parent=576"}],"wp:term":[{"taxonomy":"product_cat","embeddable":true,"href":"https:\/\/ginagarofalo.com\/sencia\/wp-json\/wp\/v2\/product_cat?post=576"},{"taxonomy":"product_tag","embeddable":true,"href":"https:\/\/ginagarofalo.com\/sencia\/wp-json\/wp\/v2\/product_tag?post=576"}],"curies":[{"name":"wp","href":"https:\/\/api.w.org\/{rel}","templated":true}]}}