{"id":574,"date":"2023-03-06T23:52:52","date_gmt":"2023-03-07T04:52:52","guid":{"rendered":"https:\/\/ginagarofalo.com\/sencia\/?post_type=product&#038;p=574"},"modified":"2023-04-21T14:44:07","modified_gmt":"2023-04-21T19:44:07","slug":"exfoliante-asai","status":"publish","type":"product","link":"https:\/\/ginagarofalo.com\/sencia\/product\/exfoliante-asai\/","title":{"rendered":"Exfoliante Asai"},"content":{"rendered":"","protected":false},"excerpt":{"rendered":"<p><span style=\"font-weight: 400;\">Nuestro exfoliante de Asai es un producto de origen natural fabricado a partir de la semilla de Asai.<\/span><\/p>\n<p><span style=\"font-weight: 400;\">Bajo nuestra filosof\u00eda de desarrollo sostenible y econom\u00eda circular, la compa\u00f1\u00eda recolecta la semilla la cual anteriormente era manejada como desperdicio en las comunidades del pacifico generando contaminaci\u00f3n al medio ambiente. Actualmente, hemos logrado obtener un producto con propiedades \u00fanicas para formulaciones faciales y\/o corporales, cumpliento con los requerimientos del mercado cosm\u00e9tico a nivel nacional e internacional.<\/span><\/p>\n<div class=\"progress6uva\">\n<div class=\"progress-bar\" style=\"width: 80%;\"><span class=\"progress-bar-text\">8<\/span><\/div>\n<\/div>\n<table>\n<tbody>\n<tr class=\"thsencia\">\n<td><span style=\"font-weight: 400;\">Referencia<\/span><\/td>\n<td><span style=\"font-weight: 400;\">25\/40<\/span><\/td>\n<td><span style=\"font-weight: 400;\">\u00a0<\/span><\/td>\n<\/tr>\n<tr>\n<td><span style=\"font-weight: 400;\">Presentaci\u00f3n<\/span><\/td>\n<td><span style=\"font-weight: 400;\">Polvo granulado<\/span><\/td>\n<td><span style=\"font-weight: 400;\">\u00a0<\/span><\/td>\n<\/tr>\n<tr>\n<td><span style=\"font-weight: 400;\">\u00cdndice De Abrasividad<\/span><\/td>\n<td><span style=\"font-weight: 400;\">8<\/span><\/td>\n<td><span style=\"font-weight: 400;\">\u00a0<\/span><\/td>\n<\/tr>\n<tr>\n<td><span style=\"font-weight: 400;\">Color<\/span><\/td>\n<td><span style=\"font-weight: 400;\">Vinotinto<\/span><\/td>\n<td><span style=\"font-weight: 400;\">\u00a0<\/span><\/td>\n<\/tr>\n<tr>\n<td><span style=\"font-weight: 400;\">Presentaci\u00f3n<\/span><\/td>\n<td><span style=\"font-weight: 400;\">Caja 20kg<\/span><\/td>\n<td><span style=\"font-weight: 400;\">\u00a0<\/span><\/td>\n<\/tr>\n<tr>\n<td><span style=\"font-weight: 400;\">INCI name<\/span><\/td>\n<td><span style=\"font-weight: 400;\">Vitis Vinifera Seed Powder<\/span><\/td>\n<td><span style=\"font-weight: 400;\">\u00a0<\/span><\/td>\n<\/tr>\n<\/tbody>\n<\/table>\n","protected":false},"featured_media":0,"template":"","meta":[],"product_cat":[15],"product_tag":[],"class_list":["post-574","product","type-product","status-publish","hentry","product_cat-uncategorized"],"lang":"es","translations":{"es":574,"en":833},"pll_sync_post":[],"_links":{"self":[{"href":"https:\/\/ginagarofalo.com\/sencia\/wp-json\/wp\/v2\/product\/574","targetHints":{"allow":["GET"]}}],"collection":[{"href":"https:\/\/ginagarofalo.com\/sencia\/wp-json\/wp\/v2\/product"}],"about":[{"href":"https:\/\/ginagarofalo.com\/sencia\/wp-json\/wp\/v2\/types\/product"}],"version-history":[{"count":5,"href":"https:\/\/ginagarofalo.com\/sencia\/wp-json\/wp\/v2\/product\/574\/revisions"}],"predecessor-version":[{"id":790,"href":"https:\/\/ginagarofalo.com\/sencia\/wp-json\/wp\/v2\/product\/574\/revisions\/790"}],"wp:attachment":[{"href":"https:\/\/ginagarofalo.com\/sencia\/wp-json\/wp\/v2\/media?parent=574"}],"wp:term":[{"taxonomy":"product_cat","embeddable":true,"href":"https:\/\/ginagarofalo.com\/sencia\/wp-json\/wp\/v2\/product_cat?post=574"},{"taxonomy":"product_tag","embeddable":true,"href":"https:\/\/ginagarofalo.com\/sencia\/wp-json\/wp\/v2\/product_tag?post=574"}],"curies":[{"name":"wp","href":"https:\/\/api.w.org\/{rel}","templated":true}]}}