{"id":570,"date":"2023-03-06T23:46:37","date_gmt":"2023-03-07T04:46:37","guid":{"rendered":"https:\/\/ginagarofalo.com\/sencia\/?post_type=product&#038;p=570"},"modified":"2023-04-21T14:43:15","modified_gmt":"2023-04-21T19:43:15","slug":"exfoliante-uva","status":"publish","type":"product","link":"https:\/\/ginagarofalo.com\/sencia\/product\/exfoliante-uva\/","title":{"rendered":"Exfoliante Uva"},"content":{"rendered":"","protected":false},"excerpt":{"rendered":"<p><span style=\"font-weight: 400;\">Nuestro exfoliante de Uva es un producto de origen natural fabricado a partir de la semilla de Uva proveniente de procesos de fermentaci\u00f3n de vinos.<\/span><\/p>\n<p><span style=\"font-weight: 400;\">Bajo nuestra filosof\u00eda de desarrollo sostenible y econom\u00eda circular, la compa\u00f1\u00eda recolecta la semilla la cual anteriormente era manejada como desperdicio en la industria generando una contaminaci\u00f3n al medio ambiente. Actualmente, hemos logrado obtener un producto con propiedades \u00fanicas para formulaciones faciales y\/o corporales, cumpliento con los requerimientos del mercado cosm\u00e9tico a nivel nacional e internacional.<\/span><\/p>\n<div class=\"progress6uva\">\n<div class=\"progress-bar\" style=\"width: 75%;\"><span class=\"progress-bar-text\">9-7<\/span><\/div>\n<\/div>\n<table>\n<tbody>\n<tr class=\"thsencia\">\n<td><\/td>\n<td><\/td>\n<\/tr>\n<tr>\n<td><span style=\"font-weight: 400;\">Referencia<\/span><\/td>\n<td><span style=\"font-weight: 400;\">25\/40<\/span><\/td>\n<\/tr>\n<tr>\n<td><span style=\"font-weight: 400;\">Presentaci\u00f3n<\/span><\/td>\n<td><span style=\"font-weight: 400;\">Polvo granulado<\/span><\/td>\n<\/tr>\n<tr>\n<td><span style=\"font-weight: 400;\">\u00cdndice De Abrasividad<\/span><\/td>\n<td><span style=\"font-weight: 400;\">8<\/span><\/td>\n<\/tr>\n<tr>\n<td><span style=\"font-weight: 400;\">Color<\/span><\/td>\n<td><span style=\"font-weight: 400;\">Vinotinto<\/span><\/td>\n<\/tr>\n<tr>\n<td><span style=\"font-weight: 400;\">Presentaci\u00f3n<\/span><\/td>\n<td><span style=\"font-weight: 400;\">Caja 20kg<\/span><\/td>\n<\/tr>\n<tr>\n<td><span style=\"font-weight: 400;\">INCI name<\/span><\/td>\n<td><span style=\"font-weight: 400;\">Vitis Vinifera Seed Powder<\/span><\/td>\n<\/tr>\n<\/tbody>\n<\/table>\n","protected":false},"featured_media":1007,"template":"","meta":[],"product_cat":[33],"product_tag":[],"class_list":["post-570","product","type-product","status-publish","has-post-thumbnail","hentry","product_cat-exfoliantes"],"lang":"es","translations":{"es":570,"en":829},"pll_sync_post":[],"_links":{"self":[{"href":"https:\/\/ginagarofalo.com\/sencia\/wp-json\/wp\/v2\/product\/570","targetHints":{"allow":["GET"]}}],"collection":[{"href":"https:\/\/ginagarofalo.com\/sencia\/wp-json\/wp\/v2\/product"}],"about":[{"href":"https:\/\/ginagarofalo.com\/sencia\/wp-json\/wp\/v2\/types\/product"}],"version-history":[{"count":4,"href":"https:\/\/ginagarofalo.com\/sencia\/wp-json\/wp\/v2\/product\/570\/revisions"}],"predecessor-version":[{"id":849,"href":"https:\/\/ginagarofalo.com\/sencia\/wp-json\/wp\/v2\/product\/570\/revisions\/849"}],"wp:featuredmedia":[{"embeddable":true,"href":"https:\/\/ginagarofalo.com\/sencia\/wp-json\/wp\/v2\/media\/1007"}],"wp:attachment":[{"href":"https:\/\/ginagarofalo.com\/sencia\/wp-json\/wp\/v2\/media?parent=570"}],"wp:term":[{"taxonomy":"product_cat","embeddable":true,"href":"https:\/\/ginagarofalo.com\/sencia\/wp-json\/wp\/v2\/product_cat?post=570"},{"taxonomy":"product_tag","embeddable":true,"href":"https:\/\/ginagarofalo.com\/sencia\/wp-json\/wp\/v2\/product_tag?post=570"}],"curies":[{"name":"wp","href":"https:\/\/api.w.org\/{rel}","templated":true}]}}