{"id":566,"date":"2023-03-06T23:35:48","date_gmt":"2023-03-07T04:35:48","guid":{"rendered":"https:\/\/ginagarofalo.com\/sencia\/?post_type=product&#038;p=566"},"modified":"2023-04-21T14:42:58","modified_gmt":"2023-04-21T19:42:58","slug":"exfoliante-durazno","status":"publish","type":"product","link":"https:\/\/ginagarofalo.com\/sencia\/product\/exfoliante-durazno\/","title":{"rendered":"Exfoliante Durazno"},"content":{"rendered":"","protected":false},"excerpt":{"rendered":"<p>Nuestro exfoliante de Durazno es un producto de origen natural fabricado a partir de la c\u00e1scara de la semilla del Durazno.<br \/>\nBajo nuestra filosof\u00eda de desarrollo sostenible y econom\u00eda circular, la compa\u00f1\u00eda recolecta la semilla la cual anteriormente era manejada como desperdicio en la industria alimenticia generando una contaminaci\u00f3n al medio ambiente. Actualmente, hemos logrado obtener un producto con propiedades \u00fanicas para formulaciones faciales y\/o corporales, cumpliento con los requerimientos del mercado cosm\u00e9tico a nivel nacional e internacional.<\/p>\n<div class=\"progress\">\n<div class=\"progress-bar\" style=\"width: 75%;\"><span class=\"progress-bar-text\">9-7<\/span><\/div>\n<\/div>\n<table>\n<tbody>\n<tr class=\"thsencia\">\n<td><span style=\"font-weight: 400;\">Referencia<\/span><\/td>\n<td><span style=\"font-weight: 400;\">25\/40<\/span><\/td>\n<td><span style=\"font-weight: 400;\">40\/60<\/span><\/td>\n<\/tr>\n<tr>\n<td><span style=\"font-weight: 400;\">Presentaci\u00f3n<\/span><\/td>\n<td><span style=\"font-weight: 400;\">Polvo granulado<\/span><\/td>\n<td><span style=\"font-weight: 400;\">Polvo granulado<\/span><\/td>\n<\/tr>\n<tr>\n<td><span style=\"font-weight: 400;\">\u00cdndice De Abrasividad<\/span><\/td>\n<td><span style=\"font-weight: 400;\">8<\/span><\/td>\n<td><span style=\"font-weight: 400;\">6<\/span><\/td>\n<\/tr>\n<tr>\n<td><span style=\"font-weight: 400;\">Color<\/span><\/td>\n<td><span style=\"font-weight: 400;\">Caf\u00e9 claro<\/span><\/td>\n<td><span style=\"font-weight: 400;\">Caf\u00e9 claro<\/span><\/td>\n<\/tr>\n<tr>\n<td><span style=\"font-weight: 400;\">Presentaci\u00f3n<\/span><\/td>\n<td><span style=\"font-weight: 400;\">Caja 20kg<\/span><\/td>\n<td><span style=\"font-weight: 400;\">Caja 20kg<\/span><\/td>\n<\/tr>\n<tr>\n<td><span style=\"font-weight: 400;\">INCI name<\/span><\/td>\n<td><span style=\"font-weight: 400;\">Prunus Persica Seed Powder<\/span><\/td>\n<td><span style=\"font-weight: 400;\">Prunus Persica Seed Powder<\/span><\/td>\n<\/tr>\n<\/tbody>\n<\/table>\n","protected":false},"featured_media":1004,"template":"","meta":[],"product_cat":[33],"product_tag":[],"class_list":["post-566","product","type-product","status-publish","has-post-thumbnail","hentry","product_cat-exfoliantes"],"lang":"es","translations":{"es":566,"en":823},"pll_sync_post":[],"_links":{"self":[{"href":"https:\/\/ginagarofalo.com\/sencia\/wp-json\/wp\/v2\/product\/566","targetHints":{"allow":["GET"]}}],"collection":[{"href":"https:\/\/ginagarofalo.com\/sencia\/wp-json\/wp\/v2\/product"}],"about":[{"href":"https:\/\/ginagarofalo.com\/sencia\/wp-json\/wp\/v2\/types\/product"}],"version-history":[{"count":2,"href":"https:\/\/ginagarofalo.com\/sencia\/wp-json\/wp\/v2\/product\/566\/revisions"}],"predecessor-version":[{"id":594,"href":"https:\/\/ginagarofalo.com\/sencia\/wp-json\/wp\/v2\/product\/566\/revisions\/594"}],"wp:featuredmedia":[{"embeddable":true,"href":"https:\/\/ginagarofalo.com\/sencia\/wp-json\/wp\/v2\/media\/1004"}],"wp:attachment":[{"href":"https:\/\/ginagarofalo.com\/sencia\/wp-json\/wp\/v2\/media?parent=566"}],"wp:term":[{"taxonomy":"product_cat","embeddable":true,"href":"https:\/\/ginagarofalo.com\/sencia\/wp-json\/wp\/v2\/product_cat?post=566"},{"taxonomy":"product_tag","embeddable":true,"href":"https:\/\/ginagarofalo.com\/sencia\/wp-json\/wp\/v2\/product_tag?post=566"}],"curies":[{"name":"wp","href":"https:\/\/api.w.org\/{rel}","templated":true}]}}