{"id":564,"date":"2023-03-06T23:32:54","date_gmt":"2023-03-07T04:32:54","guid":{"rendered":"https:\/\/ginagarofalo.com\/sencia\/?post_type=product&#038;p=564"},"modified":"2023-04-17T22:53:47","modified_gmt":"2023-04-18T03:53:47","slug":"exfoliante-macadamia","status":"publish","type":"product","link":"https:\/\/ginagarofalo.com\/sencia\/product\/exfoliante-macadamia\/","title":{"rendered":"Exfoliante Macadamia"},"content":{"rendered":"","protected":false},"excerpt":{"rendered":"<p><span style=\"font-weight: 400;\">\u00a0Nuestro exfoliante de Macadamia es un producto de origen natural fabricado a partir de la c\u00e1scara de la nuez de Macadamia.<\/span><\/p>\n<p><span style=\"font-weight: 400;\">Bajo nuestra filosof\u00eda de desarrollo sostenible y econom\u00eda circular, la compa\u00f1\u00eda recolecta la c\u00e1scara la cual anteriormente era manejada como desperdicio en la industria alimenticia generando contaminaci\u00f3n al medio ambiente. Actualmente, tenemos a partir de la c\u00e1scara de macadamia un producto con propiedades \u00fanicas, donde su \u00edndice de abrasividad lo hace ideal para formulaciones donde se requiera un buen grado de exfoliaci\u00f3n. Puede ser usado en productos faciales y\/o corporales, cumpliento con los requerimientos del mercado cosm\u00e9tico a nivel nacional e internacional.\u00a0<\/span><\/p>\n<div class=\"progress4coco\">\n<div class=\"progress-bar\" style=\"width: 90%;\"><span class=\"progress-bar-text\">9-7<\/span><\/div>\n<\/div>\n<table>\n<tbody>\n<tr class=\"thsencia\">\n<td><span style=\"font-weight: 400;\">Referencia<\/span><\/td>\n<td><span style=\"font-weight: 400;\">25\/50<\/span><\/td>\n<td><span style=\"font-weight: 400;\">40\/60<\/span><\/td>\n<\/tr>\n<tr>\n<td><span style=\"font-weight: 400;\">Presentaci\u00f3n<\/span><\/td>\n<td><span style=\"font-weight: 400;\">Polvo granulado<\/span><\/td>\n<td><span style=\"font-weight: 400;\">Polvo granulado<\/span><\/td>\n<\/tr>\n<tr>\n<td><span style=\"font-weight: 400;\">\u00cdndice De Abrasividad<\/span><\/td>\n<td><span style=\"font-weight: 400;\">9<\/span><\/td>\n<td><span style=\"font-weight: 400;\">7<\/span><\/td>\n<\/tr>\n<tr>\n<td><span style=\"font-weight: 400;\">Color<\/span><\/td>\n<td><span style=\"font-weight: 400;\">Marr\u00f3n con part\u00edculas claras<\/span><\/td>\n<td><span style=\"font-weight: 400;\">Marr\u00f3n con part\u00edculas claras<\/span><\/td>\n<\/tr>\n<tr>\n<td><span style=\"font-weight: 400;\">Presentaci\u00f3n<\/span><\/td>\n<td><span style=\"font-weight: 400;\">Caja 20kg<\/span><\/td>\n<td><span style=\"font-weight: 400;\">Caja 20kg<\/span><\/td>\n<\/tr>\n<tr>\n<td><span style=\"font-weight: 400;\">INCI name<\/span><\/td>\n<td><span style=\"font-weight: 400;\">Macadamia Ternifolia Shell Powder<\/span><\/td>\n<td><span style=\"font-weight: 400;\">Macadamia Ternifolia Shell Powder<\/span><\/td>\n<\/tr>\n<\/tbody>\n<\/table>\n","protected":false},"featured_media":1005,"template":"","meta":[],"product_cat":[15,33],"product_tag":[],"class_list":["post-564","product","type-product","status-publish","has-post-thumbnail","hentry","product_cat-uncategorized","product_cat-exfoliantes"],"lang":"es","translations":{"es":564,"en":820},"pll_sync_post":[],"_links":{"self":[{"href":"https:\/\/ginagarofalo.com\/sencia\/wp-json\/wp\/v2\/product\/564","targetHints":{"allow":["GET"]}}],"collection":[{"href":"https:\/\/ginagarofalo.com\/sencia\/wp-json\/wp\/v2\/product"}],"about":[{"href":"https:\/\/ginagarofalo.com\/sencia\/wp-json\/wp\/v2\/types\/product"}],"version-history":[{"count":4,"href":"https:\/\/ginagarofalo.com\/sencia\/wp-json\/wp\/v2\/product\/564\/revisions"}],"predecessor-version":[{"id":771,"href":"https:\/\/ginagarofalo.com\/sencia\/wp-json\/wp\/v2\/product\/564\/revisions\/771"}],"wp:featuredmedia":[{"embeddable":true,"href":"https:\/\/ginagarofalo.com\/sencia\/wp-json\/wp\/v2\/media\/1005"}],"wp:attachment":[{"href":"https:\/\/ginagarofalo.com\/sencia\/wp-json\/wp\/v2\/media?parent=564"}],"wp:term":[{"taxonomy":"product_cat","embeddable":true,"href":"https:\/\/ginagarofalo.com\/sencia\/wp-json\/wp\/v2\/product_cat?post=564"},{"taxonomy":"product_tag","embeddable":true,"href":"https:\/\/ginagarofalo.com\/sencia\/wp-json\/wp\/v2\/product_tag?post=564"}],"curies":[{"name":"wp","href":"https:\/\/api.w.org\/{rel}","templated":true}]}}