{"id":560,"date":"2023-03-06T23:26:41","date_gmt":"2023-03-07T04:26:41","guid":{"rendered":"https:\/\/ginagarofalo.com\/sencia\/?post_type=product&#038;p=560"},"modified":"2023-05-02T16:40:53","modified_gmt":"2023-05-02T21:40:53","slug":"exfoliante-maracuya","status":"publish","type":"product","link":"https:\/\/ginagarofalo.com\/sencia\/product\/exfoliante-maracuya\/","title":{"rendered":"Exfoliante Maracuy\u00e1"},"content":{"rendered":"","protected":false},"excerpt":{"rendered":"<p><html><br \/>\n<body><\/p>\n<style>\n       .divabrs {\n        background-color: #a8b835; \n        -webkit-box-shadow: inset -1px -4px 18px 0px rgba(0,0,0,0.33);\n        -moz-box-shadow: inset -1px -4px 18px 0px rgba(0,0,0,0.33);\n        box-shadow: inset -1px -4px 18px 0px rgba(0,0,0,0.33);\n    }\n    .abrs2{\n        color:#ffffff;\n        float: right;\n        padding-right: 8px;\n    }\n    .abrs2:before{\n        content: \" \u25bc\";\n        font-size: 10px;\n        margin-top: -10px;\n        color: #78bdc3;\n        position: absolute;\n        margin-left: -2px;<\/p>\n<p>    }\n    .abrs1{\n        background-color: #78bdc3;\n        border-radius: 25px;\n        display: inline-block;<\/p>\n<p>    }\n<\/style>\n<p><\/body><\/p>\n<div style=\"border: solid #fafafa 4px; border-radius: 25px; width: 100%;\" >\n<div class=\"divabrs\" style=\"background-color: #a8b835; width: 80%; border-radius: 25px;\">\n<div  class=\"abrs1\" style=\"width: 80%; margin: -1%;\"><span class=\"abrs2\">6<\/span><\/div>\n<div class=\"abrs2\" style=\"width: 10%;\">8<\/div>\n<\/div>\n<\/div>\n<p><\/p>\n<p>Nuestro exfoliante de Maracuy\u00e1 es un producto de origen natural fabricado a partir de la semilla de maracuy\u00e1.<br \/>\nBajo nuestra filosof\u00eda de desarrollo sostenible y econom\u00eda circular, la compa\u00f1\u00eda recolecta la semilla la cual anteriormente era manejada como desperdicio en la industria alimenticia generando una contaminaci\u00f3n al medio ambiente. Actualmente, hemos logrado obtener un producto con propiedades \u00fanicas para formulaciones faciales y\/o corporales, cumpliento con los requerimientos del mercado cosm\u00e9tico a nivel nacional e internacional.<\/p>\n<div class=\"progress3maracuya\">\n<div class=\"progress-bar\" style=\"width: 80%;\"><span class=\"progress-bar-text\">8-6<\/span><\/div>\n<\/div>\n<table>\n<tbody>\n<tr class=\"thsencia\">\n<td><b>Referencia<\/b><\/td>\n<td><b>25\/40<\/b><\/td>\n<td><b>40\/60<\/b><\/td>\n<\/tr>\n<tr>\n<td><span style=\"font-weight: 400;\">Presentaci\u00f3n<\/span><\/td>\n<td><span style=\"font-weight: 400;\">Polvo granulado<\/span><\/td>\n<td><span style=\"font-weight: 400;\">Polvo granulado<\/span><\/td>\n<\/tr>\n<tr>\n<td><span style=\"font-weight: 400;\">\u00cdndice de Abrasividad<\/span><\/td>\n<td><span style=\"font-weight: 400;\">8<\/span><\/td>\n<td><span style=\"font-weight: 400;\">6<\/span><\/td>\n<\/tr>\n<tr>\n<td><span style=\"font-weight: 400;\">Color<\/span><\/td>\n<td><span style=\"font-weight: 400;\">Negro<\/span><\/td>\n<td><span style=\"font-weight: 400;\">Negro<\/span><\/td>\n<\/tr>\n<tr>\n<td><span style=\"font-weight: 400;\">Presentaci\u00f3n<\/span><\/td>\n<td><span style=\"font-weight: 400;\">Caja 20kg<\/span><\/td>\n<td><span style=\"font-weight: 400;\">Caja 20kg<\/span><\/td>\n<\/tr>\n<tr>\n<td><span style=\"font-weight: 400;\">INCI name<\/span><\/td>\n<td><span style=\"font-weight: 400;\">Passiflora Edulis Seed Powder<\/span><\/td>\n<td><\/td>\n<\/tr>\n<tr>\n<td><\/td>\n<td><\/td>\n<td><\/td>\n<\/tr>\n<\/tbody>\n<\/table>\n<p>&nbsp;<\/p>\n<p>&nbsp;<\/p>\n","protected":false},"featured_media":641,"template":"","meta":[],"product_cat":[15,33],"product_tag":[],"class_list":["post-560","product","type-product","status-publish","has-post-thumbnail","hentry","product_cat-uncategorized","product_cat-exfoliantes"],"lang":"es","translations":{"es":560,"en":816},"pll_sync_post":[],"_links":{"self":[{"href":"https:\/\/ginagarofalo.com\/sencia\/wp-json\/wp\/v2\/product\/560","targetHints":{"allow":["GET"]}}],"collection":[{"href":"https:\/\/ginagarofalo.com\/sencia\/wp-json\/wp\/v2\/product"}],"about":[{"href":"https:\/\/ginagarofalo.com\/sencia\/wp-json\/wp\/v2\/types\/product"}],"version-history":[{"count":7,"href":"https:\/\/ginagarofalo.com\/sencia\/wp-json\/wp\/v2\/product\/560\/revisions"}],"predecessor-version":[{"id":1186,"href":"https:\/\/ginagarofalo.com\/sencia\/wp-json\/wp\/v2\/product\/560\/revisions\/1186"}],"wp:featuredmedia":[{"embeddable":true,"href":"https:\/\/ginagarofalo.com\/sencia\/wp-json\/wp\/v2\/media\/641"}],"wp:attachment":[{"href":"https:\/\/ginagarofalo.com\/sencia\/wp-json\/wp\/v2\/media?parent=560"}],"wp:term":[{"taxonomy":"product_cat","embeddable":true,"href":"https:\/\/ginagarofalo.com\/sencia\/wp-json\/wp\/v2\/product_cat?post=560"},{"taxonomy":"product_tag","embeddable":true,"href":"https:\/\/ginagarofalo.com\/sencia\/wp-json\/wp\/v2\/product_tag?post=560"}],"curies":[{"name":"wp","href":"https:\/\/api.w.org\/{rel}","templated":true}]}}